{"id":26379,"date":"2016-03-01T11:31:48","date_gmt":"2016-03-01T08:31:48","guid":{"rendered":"https:\/\/viz.net\/ana-sayfa\/"},"modified":"2024-03-08T13:47:09","modified_gmt":"2024-03-08T10:47:09","slug":"homepage-business-multipurpose","status":"publish","type":"page","link":"https:\/\/viz.net\/en\/","title":{"rendered":"Home"},"content":{"rendered":"<section class=\"wpb-content-wrapper\"><p>[vc_row full_width=&#8221;stretch_row&#8221; full_height=&#8221;yes&#8221; css=&#8221;.vc_custom_1619685266008{background-image: url(http:\/\/viz.net\/wp-content\/uploads\/2021\/04\/banner2.jpg?id=25261) !important;}&#8221;][vc_column][vc_column_text css_animation=&#8221;bottom-to-top&#8221;]<\/p>\n<div class=\"title-h1\">\n<h2><span style=\"color: #ffffff;\">NETWORK SECURITY SYSTEM<\/span><\/h2>\n<\/div>\n<p>[\/vc_column_text][vc_column_text css_animation=&#8221;bottom-to-top&#8221;]<\/p>\n<h2><span class=\"light\" style=\"color: #00bcd4;\">CUSTOMIZED FOR YOUR COMPANY<\/span><\/h2>\n<p>[\/vc_column_text][vc_column_text css_animation=&#8221;bottom-to-top&#8221;]<\/p>\n<div class=\"styled-subtitle\"><span class=\"light\" style=\"color: #ffffff;\">Viznet provided integrated solutions with its exper team that ensure the secure and<br \/>\ncontinuous protection and working of data in any environment, from the end user&#8217;s<br \/>\nnetwork access to coloud access.<\/span><\/div>\n<p>[\/vc_column_text]<div class=\"clearboth\"><\/div><style>#thegem-divider-69eb5578b1136 {margin-top: 130px !important;}<\/style><div id=\"thegem-divider-69eb5578b1136\" class=\"gem-divider  \" style=\"\" ><\/div><style type=\"text\/css\">.thegem-button-69eb5578b126f885 .gem-button svg {fill: #00bcd4;}.thegem-button-69eb5578b126f885 .gem-button:hover svg {fill: #ffffff;}<\/style><div class=\"gem-button-container gem-button-position-left thegem-button-69eb5578b126f885    \"  ><a class=\"gem-button gem-button-size-medium gem-button-style-outline gem-button-text-weight-normal gem-button-border-2\" data-ll-effect=\"drop-right-without-wrap\" style=\"border-radius: 25px;border-color: #00bcd4;color: #00bcd4;\" onmouseleave=\"this.style.borderColor='#00bcd4';this.style.backgroundColor='transparent';this.style.color='#00bcd4';\" onmouseenter=\"this.style.backgroundColor='#00bcd4';this.style.color='#ffffff';\" href=\"\/en\/about-us\/\" target=\"_self\">ABOUT US<\/a><\/div> <style type=\"text\/css\">.thegem-button-69eb5578b13131006 .gem-button svg {fill: #ffffff;}.thegem-button-69eb5578b13131006 .gem-button:hover svg {fill: #3c3950;}<\/style><div class=\"gem-button-container gem-button-position-left thegem-button-69eb5578b13131006    \"  ><a class=\"gem-button gem-button-size-medium gem-button-style-flat gem-button-text-weight-normal\" data-ll-effect=\"drop-right-without-wrap\" style=\"border-radius: 25px;background-color: #00bcd4;color: #ffffff;\" onmouseleave=\"this.style.backgroundColor='#00bcd4';this.style.color='#ffffff';\" onmouseenter=\"this.style.backgroundColor='#ffffff';this.style.color='#3c3950';\" href=\"\/en\/our-solutions\/\" target=\"_self\">OUR SOLUTIONS<\/a><\/div> [\/vc_column][\/vc_row][vc_row][vc_column css=&#8221;.vc_custom_1550061167727{margin-top: -120px !important;}&#8221; offset=&#8221;vc_hidden-xs&#8221;][vc_column_text]<span style=\"color: #ffffff;\"><a class=\"mouse-scroll scroll-to-anchor\" style=\"color: #ffffff;\" href=\"#details\">mouse<\/a><\/span>[\/vc_column_text]<div class=\"clearboth\"><\/div><style>#thegem-divider-69eb5578b134c {margin-top: 130px !important;}<\/style><div id=\"thegem-divider-69eb5578b134c\" class=\"gem-divider  \" style=\"\" ><\/div>[\/vc_column][\/vc_row][vc_row el_id=&#8221;details&#8221;][vc_column width=&#8221;1\/2&#8243;][vc_single_image image=&#8221;24812&#8243; img_size=&#8221;full&#8221;][\/vc_column][vc_column width=&#8221;1\/2&#8243;][vc_column_text css_animation=&#8221;bottom-to-top&#8221;]<\/p>\n<h5 style=\"text-align: center;\"><span class=\"light\" style=\"color: #3c3950;\">V\u0130ZNET INFORMATICS<\/span><\/h5>\n<p>[\/vc_column_text]<div class=\"clearboth\"><\/div><style>#thegem-divider-69eb5578b136d {margin-top: -10px !important;}<\/style><div id=\"thegem-divider-69eb5578b136d\" class=\"gem-divider  \" style=\"\" ><\/div>[vc_column_text css_animation=&#8221;bottom-to-top&#8221;]<\/p>\n<h2 style=\"text-align: center;\"><span style=\"color: #3c3950;\">About Us<\/span><\/h2>\n<p>[\/vc_column_text]<div class=\"clearboth\"><\/div><style>#thegem-divider-69eb5578b1385 {margin-top: 10px !important;}<\/style><div id=\"thegem-divider-69eb5578b1385\" class=\"gem-divider  \" style=\"\" ><\/div>[vc_column_text css_animation=&#8221;bottom-to-top&#8221;]<\/p>\n<p style=\"text-align: center;\">Viznet; It was established by Be\u015fir Kayar in 2011 to provide security solutions at all layers from end-user to cloud solutions, especially in establishing, securing and monitoring wired &#8211; wireless networks.Viznet provided integrated solutions with its exper team that ensure the secure and continuous protection and working of data in any environment, from the end user&#8217;s network access to coloud access.<\/p>\n<p>[\/vc_column_text]<div class=\"clearboth\"><\/div><style>#thegem-divider-69eb5578b139d {margin-top: 15px !important;}<\/style><div id=\"thegem-divider-69eb5578b139d\" class=\"gem-divider  \" style=\"\" ><\/div><style type=\"text\/css\">.thegem-button-69eb5578b140f2087.lazy-loading-before-start-animation .lazy-loading-item {opacity: 0;} body.thegem-effects-disabled .thegem-button-69eb5578b140f2087.lazy-loading-before-start-animation .lazy-loading-item {opacity: 1;}<\/style><style type=\"text\/css\">.thegem-button-69eb5578b140f2087 .gem-button svg {fill: #3c3950;}.thegem-button-69eb5578b140f2087 .gem-button:hover svg {fill: #ffffff;}<\/style><div class=\"gem-button-container gem-button-position-center thegem-button-69eb5578b140f2087     lazy-loading lazy-loading-before-start-animation\"  ><a class=\"gem-button gem-button-size-small gem-button-style-outline gem-button-text-weight-normal gem-button-border-3 lazy-loading-item\" data-ll-effect=\"drop-right-without-wrap\" style=\"border-radius: 0px;border-color: #3c3950;color: #3c3950;\" onmouseleave=\"this.style.borderColor='#3c3950';this.style.backgroundColor='transparent';this.style.color='#3c3950';\" onmouseenter=\"this.style.backgroundColor='#3c3950';this.style.color='#ffffff';\" href=\"\/en\/about-us\/\" target=\"_self\">About Us<\/a><\/div> <div class=\"clearboth\"><\/div><style>#thegem-divider-69eb5578b1443 {margin-top: 200px !important;}<\/style><div id=\"thegem-divider-69eb5578b1443\" class=\"gem-divider  \" style=\"\" ><\/div>[\/vc_column][\/vc_row][vc_row css=&#8221;.vc_custom_1653950222928{margin-top: 100px !important;margin-bottom: 0px !important;background-color: #f0f3f2 !important;}&#8221;][vc_column css=&#8221;.vc_custom_1459929528297{padding-top: 0px !important;}&#8221;]<div id=\"fullwidth-block-69eb5578b147f\" class=\"fullwidth-block clearfix\"  style=\"background-color: #f0f3f2;\"><script type=\"text\/javascript\">if (typeof(gem_fix_fullwidth_position) == \"function\") { gem_fix_fullwidth_position(document.getElementById(\"fullwidth-block-69eb5578b147f\")); }<\/script><div class=\"fullwidth-block-inner\"><div class=\"container\">[vc_row_inner][vc_column_inner offset=&#8221;vc_hidden-xs&#8221;]<div class=\"clearboth\"><\/div><style>#thegem-divider-69eb5578b154f {margin-top: 75px !important;}<\/style><div id=\"thegem-divider-69eb5578b154f\" class=\"gem-divider  \" style=\"\" ><\/div>[\/vc_column_inner][\/vc_row_inner][vc_row_inner][vc_column_inner css=&#8221;.vc_custom_1456832460156{margin-top: -250px !important;}&#8221;]<div class=\"gem-image gem-wrapbox gem-wrapbox-style-default gem-wrapbox-position-below lazy-loading\"  style=\"\"><div class=\"gem-wrapbox-inner  lazy-loading-item\"  data-ll-effect=\"move-up\"><img decoding=\"async\" class=\"gem-wrapbox-element img-responsive\" src=\"https:\/\/viz.net\/wp-content\/uploads\/2021\/04\/monitor.png\" alt=\"\"\/><\/div><\/div>[\/vc_column_inner][\/vc_row_inner]<div class=\"clearboth\"><\/div><style>#thegem-divider-69eb5578b1809 {margin-top: 75px !important;}<\/style><div id=\"thegem-divider-69eb5578b1809\" class=\"gem-divider  \" style=\"\" ><\/div>[vc_column_text css_animation=&#8221;bottom-to-top&#8221;]<\/p>\n<h2 style=\"text-align: center;\"><span style=\"color: #3c3950;\">Our Solution Partners<\/span><\/h2>\n<p>[\/vc_column_text]<div class=\"clearboth\"><\/div><style>#thegem-divider-69eb5578b1826 {margin-top: 80px !important;}<\/style><div id=\"thegem-divider-69eb5578b1826\" class=\"gem-divider  \" style=\"\" ><\/div>[vc_row_inner el_class=&#8221;custome-progress-bar&#8221;][vc_column_inner width=&#8221;1\/6&#8243;][vc_single_image image=&#8221;25189&#8243; img_size=&#8221;full&#8221; onclick=&#8221;custom_link&#8221; link=&#8221;\/cozum-ortaklarimiz\/fortinet\/&#8221;][vc_column_text el_class=&#8221;cozaciklama&#8221;]<\/p>\n<p style=\"text-align: center;\">High-End Firewall<br \/>\nMid-Range Firewall<br \/>\nSandbox<br \/>\nEndopoint Security<br \/>\nSwitches<br \/>\nCentral Management<br \/>\nAnalytics<br \/>\nSIEM<br \/>\nWeb Application Firewall<br \/>\nDDos Protection<br \/>\nUser Authentication<br \/>\nCentral Management<\/p>\n<p>[\/vc_column_text][\/vc_column_inner][vc_column_inner width=&#8221;1\/6&#8243;][vc_single_image image=&#8221;25190&#8243; img_size=&#8221;full&#8221; onclick=&#8221;custom_link&#8221; link=&#8221;\/cozum-ortaklarimiz\/aruba\/&#8221;][vc_column_text el_class=&#8221;cozaciklama&#8221;]<\/p>\n<p style=\"text-align: center;\">Access Points<br \/>\nSwitches<br \/>\nControllers<br \/>\nNetwork Management<br \/>\nSD-WAN<br \/>\nAnalytics and Assurance<br \/>\nNetwork Access<br \/>\nControl, UEBA and NTA<br \/>\nSwitches<br \/>\nCentral Management<\/p>\n<p>[\/vc_column_text][\/vc_column_inner][vc_column_inner width=&#8221;1\/6&#8243;][vc_single_image image=&#8221;26760&#8243; img_size=&#8221;full&#8221; onclick=&#8221;custom_link&#8221; link=&#8221;\/cozum-ortaklarimiz\/mcafee\/&#8221;][vc_column_text el_class=&#8221;cozaciklama&#8221;]<\/p>\n<p style=\"text-align: center;\">Advanced Thread Analysis<br \/>\nData Protection<br \/>\nEncryption<br \/>\nDatabase Security<br \/>\nEndpoint Protection<br \/>\nNetwork Security<br \/>\nSecurity Management<\/p>\n<p>[\/vc_column_text][\/vc_column_inner][vc_column_inner width=&#8221;1\/6&#8243;][vc_single_image image=&#8221;26962&#8243; img_size=&#8221;full&#8221; onclick=&#8221;custom_link&#8221; link=&#8221;\/cozum-ortaklarimiz\/manageengine\/&#8221;][vc_column_text el_class=&#8221;cozaciklama&#8221;]<\/p>\n<p style=\"text-align: center;\">Op Manager<br \/>\nNetflow<br \/>\nApplications Manager<br \/>\nAd Manager<br \/>\nExchange Reporter<br \/>\nRecovery Manager<br \/>\nFirewall Manager<br \/>\nEventlog Analyzer<br \/>\nAdAudit<br \/>\nPassword Manager<br \/>\nNetwork Configuration<br \/>\nManager<br \/>\nService Desk<br \/>\nSupport Center<br \/>\nEndpoint Central<br \/>\nMDM<br \/>\nAdself Service<br \/>\nAsset Explorer<\/p>\n<p>[\/vc_column_text][\/vc_column_inner][vc_column_inner width=&#8221;1\/6&#8243;][vc_single_image image=&#8221;26766&#8243; img_size=&#8221;full&#8221; onclick=&#8221;custom_link&#8221; link=&#8221;\/en\/our-solution-partners\/hewlett-packard-enterprise\/&#8221;][vc_column_text el_class=&#8221;cozaciklama&#8221;]<\/p>\n<p style=\"text-align: center;\">HPE GreenLake<br \/>\nHPE Simplivty<\/p>\n<p>[\/vc_column_text][\/vc_column_inner][vc_column_inner width=&#8221;1\/6&#8243;][vc_single_image image=&#8221;26877&#8243; img_size=&#8221;full&#8221; onclick=&#8221;custom_link&#8221; link=&#8221;\/en\/our-solution-partners\/sechard\/&#8221;][\/vc_column_inner][\/vc_row_inner]<div class=\"clearboth\"><\/div><style>#thegem-divider-69eb5578b183b {margin-top: 80px !important;}<\/style><div id=\"thegem-divider-69eb5578b183b\" class=\"gem-divider  \" style=\"\" ><\/div><\/div><\/div><\/div>[\/vc_column][\/vc_row][vc_row css=&#8221;.vc_custom_1619458135026{margin-bottom: -18px !important;}&#8221;][vc_column css=&#8221;.vc_custom_1619457730014{margin-bottom: 0px !important;padding-top: 0px !important;}&#8221;]<div id=\"fullwidth-block-69eb5578b1a35\" class=\"fullwidth-block fullwidth-block-parallax-vertical clearfix\" data-mobile-parallax-enable=\"0\" style=\"padding-top: 105px;padding-bottom: 65px;\"><script type=\"text\/javascript\">if (typeof(gem_fix_fullwidth_position) == \"function\") { gem_fix_fullwidth_position(document.getElementById(\"fullwidth-block-69eb5578b1a35\")); }<\/script><div class=\"fullwidth-block-background\" style=\"background-image: url(https:\/\/viz.net\/wp-content\/uploads\/2018\/11\/3-5.jpg);background-repeat: no-repeat; background-size: cover;background-position: center top;\"><\/div><div class=\"fullwidth-block-inner\"><div class=\"container\">[vc_row_inner][vc_column_inner][vc_custom_heading text=&#8221;OUR SUPPORT SERVICES&#8221; font_container=&#8221;tag:h2|text_align:center|color:%23ffffff&#8221; use_theme_fonts=&#8221;yes&#8221;][\/vc_column_inner][\/vc_row_inner][vc_row_inner el_class=&#8221;custome-counter-box&#8221; css=&#8221;.vc_custom_1619457697635{margin-bottom: 0px !important;}&#8221;][vc_column_inner width=&#8221;1\/2&#8243; offset=&#8221;vc_col-lg-3 vc_col-md-3 vc_col-xs-12&#8243;][vc_column_text]<\/p>\n<p class=\"destek\" style=\"text-align: center;\">Viz-Support<\/p>\n<p>[\/vc_column_text][\/vc_column_inner][vc_column_inner width=&#8221;1\/2&#8243; offset=&#8221;vc_col-lg-3 vc_col-md-3 vc_col-xs-12&#8243;][vc_column_text]<\/p>\n<p class=\"destek\" style=\"text-align: center;\">Viz-Project<\/p>\n<p>[\/vc_column_text][\/vc_column_inner][vc_column_inner width=&#8221;1\/2&#8243; offset=&#8221;vc_col-lg-3 vc_col-md-3 vc_col-xs-12&#8243;][vc_column_text]<\/p>\n<p class=\"destek\" style=\"text-align: center;\">Viz-NOC<\/p>\n<p>[\/vc_column_text][\/vc_column_inner][vc_column_inner width=&#8221;1\/2&#8243; offset=&#8221;vc_col-lg-3 vc_col-md-3 vc_col-xs-12&#8243;][vc_column_text]<\/p>\n<p class=\"destek\" style=\"text-align: center;\">Data Center<\/p>\n<p>[\/vc_column_text][\/vc_column_inner][\/vc_row_inner]<\/div><\/div><\/div>[\/vc_column][\/vc_row][vc_row full_width=&#8221;stretch_row_content_no_spaces&#8221; equal_height=&#8221;yes&#8221; css=&#8221;.vc_custom_1457530984364{margin-bottom: 0px !important;}&#8221; el_class=&#8221;small-no-padding&#8221;][vc_column css_animation=&#8221;fadeIn&#8221; disable_custom_paddings_tablet=&#8221;true&#8221; disable_custom_paddings_mobile=&#8221;true&#8221; css=&#8221;.vc_custom_1619462033686{padding-top: 80px !important;padding-bottom: 80px !important;padding-left: 100px !important;background-image: url(http:\/\/viz.net\/wp-content\/uploads\/2021\/04\/istanbul.jpg?id=25285) !important;background-position: center !important;background-repeat: no-repeat !important;background-size: cover !important;}&#8221; offset=&#8221;vc_col-lg-6 vc_col-md-12 vc_col-xs-12&#8243; el_class=&#8221;media-no-padding&#8221;][vc_column_text css_animation=&#8221;bottom-to-top&#8221;]<\/p>\n<h2><span style=\"color: #ffffff;\">OUR CONTACT INFORMATION<\/span><\/h2>\n<p>[\/vc_column_text]<div class=\"clearboth\"><\/div><style>#thegem-divider-69eb5578b1a77 {margin-top: 60px !important;}<\/style><div id=\"thegem-divider-69eb5578b1a77\" class=\"gem-divider  \" style=\"\" ><\/div><div class=\"socials socials-list socials-colored-hover socials-default socials-alignment-left\"><a class=\"socials-item\" target=\"_blank\" href=\"https:\/\/www.instagram.com\/viznetbilisim\/\" style=\"color: #dae2e8;\"><i class=\"socials-item-icon instagram\" style=\"font-size: 16px\"><\/i><\/a><a class=\"socials-item\" target=\"_blank\" href=\"https:\/\/www.facebook.com\/Viznet-Bili%C5%9Fim-Hizmetleri-110389997804428\" style=\"color: #dae2e8;\"><i class=\"socials-item-icon facebook\" style=\"font-size: 16px\"><\/i><\/a><a class=\"socials-item\" target=\"_blank\" href=\"https:\/\/www.linkedin.com\/company\/viznetbilisim\/\" style=\"color: #dae2e8;\"><i class=\"socials-item-icon linkedin\" style=\"font-size: 16px\"><\/i><\/a><\/div><div class=\"clearboth\"><\/div><style>#thegem-divider-69eb5578b1ace {margin-top: 60px !important;}<\/style><div id=\"thegem-divider-69eb5578b1ace\" class=\"gem-divider  \" style=\"\" ><\/div>[vc_row_inner css=&#8221;.vc_custom_1457527423288{margin-top: -3px !important;}&#8221;][vc_column_inner width=&#8221;1\/2&#8243; offset=&#8221;vc_col-lg-6 vc_col-md-6 vc_col-xs-12&#8243;]<div class=\"gem-icon-with-text gem-icon-with-text-icon-size-small gem-icon-with-text-flow\" ><div style=\"margin-bottom:0px;margin-top:1px; \" class=\"gem-icon-with-text-icon\"><div class=\"gem-icon gem-icon-pack-elegant gem-icon-size-small  gem-icon-shape-square gem-simple-icon\"  style=\"opacity: 1;\"><div class=\"gem-icon-inner\" style=\"\"><span class=\"gem-icon-half-1\" style=\"color: #00bcd4;\"><span class=\"back-angle\">&#xe081;<\/span><\/span><span class=\"gem-icon-half-2\" style=\"color: #00bcd4;\"><span class=\"back-angle\">&#xe081;<\/span><\/span><\/div><\/div><\/div><div class=\"gem-icon-with-text-content\" ><div class=\"gem-icon-with-text-text\">[vc_column_text css_animation=&#8221;bottom-to-top&#8221;]<span style=\"color: #ffffff;\">Adress:<br \/>\n<\/span><br \/>\n<span style=\"color: #ffffff;\">Akasya, \u00c7e\u00e7en Sokak Kent Etab\u0131<br \/>\n<\/span><br \/>\n<span style=\"color: #ffffff;\">A Blok D:47 Kat:17 Ac\u0131badem,<br \/>\n<\/span><br \/>\n<span style=\"color: #ffffff;\"> \u00dcsk\u00fcdar, \u0130stanbul<\/span>[\/vc_column_text]<\/div><\/div><div class=\"clearboth\"><\/div><\/div>[\/vc_column_inner][vc_column_inner width=&#8221;1\/2&#8243; disable_custom_paddings_tablet=&#8221;true&#8221; disable_custom_paddings_mobile=&#8221;true&#8221; offset=&#8221;vc_col-lg-6 vc_col-md-6 vc_col-xs-12&#8243; css=&#8221;.vc_custom_1619461464625{padding-left: 20px !important;}&#8221;]<div class=\"gem-icon-with-text gem-icon-with-text-icon-size-small\" ><div style=\"margin-bottom:0px;margin-top:0px; \" class=\"gem-icon-with-text-icon\"><div class=\"gem-icon gem-icon-pack-elegant gem-icon-size-small  gem-icon-shape-square gem-simple-icon\"  style=\"opacity: 1;\"><div class=\"gem-icon-inner\" style=\"\"><span class=\"gem-icon-half-1\" style=\"color: #00bcd4;\"><span class=\"back-angle\">&#xe027;<\/span><\/span><span class=\"gem-icon-half-2\" style=\"color: #00bcd4;\"><span class=\"back-angle\">&#xe027;<\/span><\/span><\/div><\/div><\/div><div class=\"gem-icon-with-text-content\" ><div class=\"gem-icon-with-text-text\">[vc_column_text css_animation=&#8221;bottom-to-top&#8221;]<span style=\"color: #ffffff;\">Telephone: \u00a0<a href=\"tel:+902169994268\">+90 (216) 999 42 68<\/a><\/span>[\/vc_column_text]<\/div><\/div><div class=\"clearboth\"><\/div><\/div><div class=\"gem-icon-with-text gem-icon-with-text-icon-size-small\" ><div style=\"margin-bottom:0px;margin-top:-10px; \" class=\"gem-icon-with-text-icon\"><div class=\"gem-icon gem-icon-pack-elegant gem-icon-size-small  gem-icon-shape-square gem-simple-icon\"  style=\"opacity: 1;\"><div class=\"gem-icon-inner\" style=\"\"><span class=\"gem-icon-half-1\" style=\"color: #00bcd4;\"><span class=\"back-angle\">&#xe010;<\/span><\/span><span class=\"gem-icon-half-2\" style=\"color: #00bcd4;\"><span class=\"back-angle\">&#xe010;<\/span><\/span><\/div><\/div><\/div><div class=\"gem-icon-with-text-content\" ><div class=\"gem-icon-with-text-text\">[vc_column_text]<span style=\"color: #ffffff;\">Mail:<\/span> <span style=\"color: #00bcd4;\"><a href=\"mailto:info@viz.net\">info@viz.net<\/a><\/span>[\/vc_column_text]<\/div><\/div><div class=\"clearboth\"><\/div><\/div>[\/vc_column_inner][\/vc_row_inner][\/vc_column][vc_column css_animation=&#8221;fadeIn&#8221; offset=&#8221;vc_col-lg-6 vc_col-md-12 vc_col-xs-12&#8243;]<div class=\"gem-map-with-text\"><div class=\"gem-map-with-text-content\" style=\"\"><\/div><div class=\"gem-map-with-text-map\">[vc_gmaps link=\"#E-8_JTNDaWZyYW1lJTIwc3JjJTNEJTIyaHR0cHMlM0ElMkYlMkZ3d3cuZ29vZ2xlLmNvbSUyRm1hcHMlMkZlbWJlZCUzRnBiJTNEJTIxMW0xOCUyMTFtMTIlMjExbTMlMjExZDMwMTEuMDg5MzYwNDE4Njc2NyUyMTJkMjkuMDUzMzY0MzE1ODQ0MzM4JTIxM2Q0MS4wMDE0MTcyNzkzMDE0NSUyMTJtMyUyMTFmMCUyMTJmMCUyMTNmMCUyMTNtMiUyMTFpMTAyNCUyMTJpNzY4JTIxNGYxMy4xJTIxM20zJTIxMW0yJTIxMXMweDE0Y2FjN2ZhOWFlMWQ5ZDUlMjUzQTB4MTA5NjgxOTVmMzU5OGNhYSUyMTJzVml6bmV0JTI1MjBCaWxpJTI1QzUlMjU5RmltJTI1MjBIaXptZXRsZXJpJTIxNWUwJTIxM20yJTIxMXN0ciUyMTJzdHIlMjE0djE2MTk0NTc4NzMzMjYlMjE1bTIlMjExc3RyJTIxMnN0ciUyMiUyMHdpZHRoJTNEJTIyNjAwJTIyJTIwaGVpZ2h0JTNEJTIyNjAwJTIyJTIwc3R5bGUlM0QlMjJib3JkZXIlM0EwJTNCJTIyJTIwYWxsb3dmdWxsc2NyZWVuJTNEJTIyJTIyJTIwbG9hZGluZyUzRCUyMmxhenklMjIlM0UlM0MlMkZpZnJhbWUlM0U=\" size=\"670\" disable_scroll=\"1\"]<\/div><\/div>[\/vc_column][\/vc_row]<\/p>\n<\/section>","protected":false},"excerpt":{"rendered":"<p>[vc_row full_width=&#8221;stretch_row&#8221; full_height=&#8221;yes&#8221; css=&#8221;.vc_custom_1619685266008{background-image: url(http:\/\/viz.net\/wp-content\/uploads\/2021\/04\/banner2.jpg?id=25261) !important;}&#8221;][vc_column][vc_column_text css_animation=&#8221;bottom-to-top&#8221;] NETWORK SECURITY SYSTEM [\/vc_column_text][vc_column_text css_animation=&#8221;bottom-to-top&#8221;] CUSTOMIZED FOR YOUR COMPANY [\/vc_column_text][vc_column_text css_animation=&#8221;bottom-to-top&#8221;] Viznet provided&#8230;<\/p>\n","protected":false},"author":1,"featured_media":0,"parent":0,"menu_order":0,"comment_status":"closed","ping_status":"closed","template":"","meta":{"footnotes":""},"class_list":["post-26379","page","type-page","status-publish"],"_links":{"self":[{"href":"https:\/\/viz.net\/en\/wp-json\/wp\/v2\/pages\/26379","targetHints":{"allow":["GET"]}}],"collection":[{"href":"https:\/\/viz.net\/en\/wp-json\/wp\/v2\/pages"}],"about":[{"href":"https:\/\/viz.net\/en\/wp-json\/wp\/v2\/types\/page"}],"author":[{"embeddable":true,"href":"https:\/\/viz.net\/en\/wp-json\/wp\/v2\/users\/1"}],"replies":[{"embeddable":true,"href":"https:\/\/viz.net\/en\/wp-json\/wp\/v2\/comments?post=26379"}],"version-history":[{"count":10,"href":"https:\/\/viz.net\/en\/wp-json\/wp\/v2\/pages\/26379\/revisions"}],"predecessor-version":[{"id":26978,"href":"https:\/\/viz.net\/en\/wp-json\/wp\/v2\/pages\/26379\/revisions\/26978"}],"wp:attachment":[{"href":"https:\/\/viz.net\/en\/wp-json\/wp\/v2\/media?parent=26379"}],"curies":[{"name":"wp","href":"https:\/\/api.w.org\/{rel}","templated":true}]}}