{"id":26396,"date":"2018-11-23T15:01:53","date_gmt":"2018-11-23T12:01:53","guid":{"rendered":"https:\/\/viz.net\/iletisim\/"},"modified":"2022-06-03T11:35:32","modified_gmt":"2022-06-03T08:35:32","slug":"contact","status":"publish","type":"page","link":"https:\/\/viz.net\/en\/contact\/","title":{"rendered":"Contact"},"content":{"rendered":"<section class=\"wpb-content-wrapper\"><p>[vc_row css=&#8221;.vc_custom_1458198549877{margin-bottom: 0px !important;}&#8221;][vc_column]<div class=\"clearboth\"><\/div><style>#thegem-divider-69eb586dca4a7 {margin-top: 50px !important;}<\/style><div id=\"thegem-divider-69eb586dca4a7\" class=\"gem-divider  \" style=\"\" ><\/div>[vc_column_text css_animation=&#8221;bottom-to-top&#8221;]<\/p>\n<h2 style=\"text-align: center;\">OUR CONTACT INFORMATION<\/h2>\n<p>[\/vc_column_text]<div class=\"clearboth\"><\/div><style>#thegem-divider-69eb586dca4e0 {margin-top: 40px !important;}<\/style><div id=\"thegem-divider-69eb586dca4e0\" class=\"gem-divider  \" style=\"\" ><\/div>[vc_row_inner el_class=&#8221;h_row&#8221;][vc_column_inner width=&#8221;1\/3&#8243; css=&#8221;.vc_custom_1461419262544{padding-right: 0px !important;padding-left: 0px !important;background-color: #8781bd !important;}&#8221;]<div class=\"lazy-loading\" data-ll-item-delay=\"0\"><div class=\"gem-textbox  lazy-loading-item centered-box\"  data-ll-effect=\"move-up\" ><div class=\"gem-textbox-inner\" style=\"\"><div class=\"gem-textbox-content\" style=\"background-position: center top;padding-top: 43px;padding-bottom: 47px;\"><div class=\"centered-box\"><div class=\"gem-icon gem-icon-pack-elegant gem-icon-size-medium  gem-icon-shape-square gem-simple-icon\"  style=\"opacity: 1;\"><div class=\"gem-icon-inner\" style=\"\"><span class=\"gem-icon-half-1\" style=\"color: #ffffff;\"><span class=\"back-angle\">&#xe01d;<\/span><\/span><span class=\"gem-icon-half-2\" style=\"color: #ffffff;\"><span class=\"back-angle\">&#xe01d;<\/span><\/span><\/div><\/div><\/div><div class=\"clearboth\"><\/div><style>#thegem-divider-69eb586dca5e1 {margin-top: 30px !important;}<\/style><div id=\"thegem-divider-69eb586dca5e1\" class=\"gem-divider  \" style=\"\" ><\/div>[vc_column_text]<\/p>\n<div class=\"title-h5\" style=\"text-align: center;\"><span class=\"light\" style=\"color: #ffffff;\">Adress<\/span><\/div>\n<p>[\/vc_column_text]<div class=\"clearboth\"><\/div><style>#thegem-divider-69eb586dca5fb {margin-top: 10px !important;}<\/style><div id=\"thegem-divider-69eb586dca5fb\" class=\"gem-divider  \" style=\"\" ><\/div>[vc_column_text]<\/p>\n<div style=\"text-align: center;\"><span class=\"light\" style=\"color: #ffffff;\">Akasya, \u00c7e\u00e7en Sokak Kent Etab\u0131 A Blok D:47 Kat:17 Ac\u0131badem, \u00dcsk\u00fcdar, \u0130stanbul<\/span><\/div>\n<p>[\/vc_column_text]<\/div><\/div><\/div><\/div>[\/vc_column_inner][vc_column_inner width=&#8221;1\/3&#8243; css=&#8221;.vc_custom_1458216798807{background-color: #42abd6 !important;}&#8221;]<div class=\"lazy-loading\" data-ll-item-delay=\"0\"><div class=\"gem-textbox  lazy-loading-item centered-box\"  data-ll-effect=\"move-up\" ><div class=\"gem-textbox-inner\" style=\"\"><div class=\"gem-textbox-content\" style=\"background-position: center top;padding-top: 43px;padding-bottom: 47px;\"><div class=\"centered-box\"><div class=\"gem-icon gem-icon-pack-elegant gem-icon-size-medium  gem-icon-shape-square gem-simple-icon\"  style=\"opacity: 1;\"><div class=\"gem-icon-inner\" style=\"\"><span class=\"gem-icon-half-1\" style=\"color: #ffffff;\"><span class=\"back-angle\">&#xe027;<\/span><\/span><span class=\"gem-icon-half-2\" style=\"color: #ffffff;\"><span class=\"back-angle\">&#xe027;<\/span><\/span><\/div><\/div><\/div><div class=\"clearboth\"><\/div><style>#thegem-divider-69eb586dca68c {margin-top: 30px !important;}<\/style><div id=\"thegem-divider-69eb586dca68c\" class=\"gem-divider  \" style=\"\" ><\/div>[vc_column_text]<\/p>\n<div class=\"title-h5\" style=\"text-align: center;\"><span class=\"light\" style=\"color: #ffffff;\">Telephone<\/span><\/div>\n<p>[\/vc_column_text]<div class=\"clearboth\"><\/div><style>#thegem-divider-69eb586dca6a2 {margin-top: 15px !important;}<\/style><div id=\"thegem-divider-69eb586dca6a2\" class=\"gem-divider  \" style=\"\" ><\/div>[vc_column_text]<\/p>\n<div style=\"text-align: center;\"><span class=\"light\" style=\"color: #ffffff;\">+90 (216) 999 42 68<\/span><\/div>\n<div><\/div>\n<p>[\/vc_column_text]<\/div><\/div><\/div><\/div>[vc_empty_space height=&#8221;25px&#8221;][\/vc_column_inner][vc_column_inner width=&#8221;1\/3&#8243; css=&#8221;.vc_custom_1458216818757{background-color: #a3d070 !important;}&#8221;]<div class=\"lazy-loading\" data-ll-item-delay=\"0\"><div class=\"gem-textbox  lazy-loading-item centered-box\"  data-ll-effect=\"move-up\" ><div class=\"gem-textbox-inner\" style=\"\"><div class=\"gem-textbox-content\" style=\"background-position: center top;padding-top: 43px;padding-bottom: 47px;\"><div class=\"centered-box\"><div class=\"gem-icon gem-icon-pack-elegant gem-icon-size-medium  gem-icon-shape-square gem-simple-icon\"  style=\"opacity: 1;\"><div class=\"gem-icon-inner\" style=\"\"><span class=\"gem-icon-half-1\" style=\"color: #ffffff;\"><span class=\"back-angle\">&#xe010;<\/span><\/span><span class=\"gem-icon-half-2\" style=\"color: #ffffff;\"><span class=\"back-angle\">&#xe010;<\/span><\/span><\/div><\/div><\/div><div class=\"clearboth\"><\/div><style>#thegem-divider-69eb586dca718 {margin-top: 30px !important;}<\/style><div id=\"thegem-divider-69eb586dca718\" class=\"gem-divider  \" style=\"\" ><\/div>[vc_column_text]<\/p>\n<div class=\"title-h5\" style=\"text-align: center;\"><span class=\"light\" style=\"color: #ffffff;\">Mail<\/span><\/div>\n<p>[\/vc_column_text]<div class=\"clearboth\"><\/div><style>#thegem-divider-69eb586dca72f {margin-top: 15px !important;}<\/style><div id=\"thegem-divider-69eb586dca72f\" class=\"gem-divider  \" style=\"\" ><\/div>[vc_column_text]<\/p>\n<div style=\"text-align: center;\"><span class=\"light\" style=\"color: #ffffff;\">info@viz.net<\/span><\/div>\n<div><\/div>\n<p>[\/vc_column_text]<\/div><\/div><\/div><\/div>[vc_empty_space height=&#8221;25px&#8221;][\/vc_column_inner][\/vc_row_inner]<div class=\"clearboth\"><\/div><style>#thegem-divider-69eb586dca74f {margin-top: 40px !important;}<\/style><div id=\"thegem-divider-69eb586dca74f\" class=\"gem-divider  \" style=\"\" ><\/div>[\/vc_column][\/vc_row][vc_row full_width=&#8221;stretch_row&#8221; css_animation=&#8221;bottom-to-top&#8221; css=&#8221;.vc_custom_1619043065291{margin-top: 30px !important;margin-bottom: 0px !important;background-color: #f0f3f2 !important;}&#8221; el_id=&#8221;contact-us&#8221;][vc_column][vc_row_inner][vc_column_inner offset=&#8221;vc_hidden-xs&#8221;]<div class=\"clearboth\"><\/div><style>#thegem-divider-69eb586dca769 {margin-top: 70px !important;}<\/style><div id=\"thegem-divider-69eb586dca769\" class=\"gem-divider  \" style=\"\" ><\/div>[\/vc_column_inner][\/vc_row_inner][vc_column_text css_animation=&#8221;bottom-to-top&#8221;]<\/p>\n<h2 style=\"text-align: center;\">CONTACT FORM<\/h2>\n<p>[\/vc_column_text][vc_row_inner][vc_column_inner offset=&#8221;vc_hidden-xs&#8221;]<div class=\"clearboth\"><\/div><style>#thegem-divider-69eb586dca77f {margin-top: 35px !important;}<\/style><div id=\"thegem-divider-69eb586dca77f\" class=\"gem-divider  \" style=\"\" ><\/div>[\/vc_column_inner][\/vc_row_inner]\n<div class=\"wpcf7 no-js\" id=\"wpcf7-f26611-o1\" lang=\"en-US\" dir=\"ltr\">\n<div class=\"screen-reader-response\"><p role=\"status\" aria-live=\"polite\" aria-atomic=\"true\"><\/p> <ul><\/ul><\/div>\n<form action=\"\/en\/wp-json\/wp\/v2\/pages\/26396#wpcf7-f26611-o1\" method=\"post\" class=\"wpcf7-form init gem-contact-form-white\" aria-label=\"Contact form\" novalidate=\"novalidate\" data-status=\"init\">\n<div style=\"display: none;\">\n<input type=\"hidden\" name=\"_wpcf7\" value=\"26611\" \/>\n<input type=\"hidden\" name=\"_wpcf7_version\" value=\"5.8.2\" \/>\n<input type=\"hidden\" name=\"_wpcf7_locale\" value=\"en_US\" \/>\n<input type=\"hidden\" name=\"_wpcf7_unit_tag\" value=\"wpcf7-f26611-o1\" \/>\n<input type=\"hidden\" name=\"_wpcf7_container_post\" value=\"0\" \/>\n<input type=\"hidden\" name=\"_wpcf7_posted_data_hash\" value=\"\" \/>\n<input type=\"hidden\" name=\"_wpcf7_recaptcha_response\" value=\"\" \/>\n<\/div>\n<div class=\"row\">\n\n\t<div class=\"form-line col-lg-4 col-md-4 col-xs-12\"><div class=\"gem-form-icon-name\"><span class=\"wpcf7-form-control-wrap\" data-name=\"your-name\"><input size=\"40\" class=\"wpcf7-form-control wpcf7-text wpcf7-validates-as-required\" aria-required=\"true\" aria-invalid=\"false\" placeholder=\"Name Surname\" value=\"\" type=\"text\" name=\"your-name\" \/><\/span><\/div><\/div>\n\n\t<div class=\"form-line col-lg-4 col-md-4 col-xs-12\"><div class=\"gem-form-icon-email\"><span class=\"wpcf7-form-control-wrap\" data-name=\"your-email\"><input size=\"40\" class=\"wpcf7-form-control wpcf7-email wpcf7-validates-as-required wpcf7-text wpcf7-validates-as-email\" aria-required=\"true\" aria-invalid=\"false\" placeholder=\"Email\" value=\"\" type=\"email\" name=\"your-email\" \/><\/span><\/div><\/div>\n\n\t<div class=\"form-line col-lg-4 col-md-4 col-xs-12\"><div class=\"gem-form-icon-phone\"><span class=\"wpcf7-form-control-wrap\" data-name=\"your-phone\"><input size=\"40\" class=\"wpcf7-form-control wpcf7-text\" aria-invalid=\"false\" placeholder=\"Phone\" value=\"\" type=\"text\" name=\"your-phone\" \/><\/span><\/div><\/div>\n\n\t<div class=\"form-line col-lg-12 col-md-12 col-xs-12\"><span class=\"wpcf7-form-control-wrap\" data-name=\"your-message\"><textarea cols=\"40\" rows=\"10\" class=\"wpcf7-form-control wpcf7-textarea wpcf7-validates-as-required\" aria-required=\"true\" aria-invalid=\"false\" placeholder=\"Message\" name=\"your-message\"><\/textarea><\/span><\/div>\n\n\t<div class=\"col-lg-12 col-md-12 col-xs-12\"><style type=\"text\/css\">.thegem-button-69eb586dcaf3d6468 .gem-button svg {fill: #00bcd4;}.thegem-button-69eb586dcaf3d6468 .gem-button:hover svg {fill: #fff;}<\/style><div class=\"gem-button-container gem-button-position-center thegem-button-69eb586dcaf3d6468\"  ><input class=\"gem-button gem-button-size-medium gem-button-style-outline gem-button-text-weight-normal gem-button-border-3 wpcf7-form-control wpcf7-submit has-spinner gem-button-wpcf-custom\" data-ll-effect=\"drop-right-without-wrap\" style=\"border-radius: 3px;border-color: #00bcd4;color: #00bcd4;\" onmouseleave=\"this.style.borderColor='#00bcd4';this.style.backgroundColor='transparent';this.style.color='#00bcd4';\" onmouseenter=\"this.style.backgroundColor='#00bcd4';this.style.color='#fff';\" id=\"\" tabindex=\"\" type=\"submit\" value=\"SEND\" \/><\/div> <\/div>\n\n<\/div><input type='hidden' class='wpcf7-pum' value='{\"closepopup\":false,\"closedelay\":0,\"openpopup\":false,\"openpopup_id\":0}' \/><div class=\"wpcf7-response-output\" aria-hidden=\"true\"><\/div>\n<\/form>\n<\/div>\n<div class=\"clearboth\"><\/div><style>#thegem-divider-69eb586dcafbd {margin-top: 50px !important;}<\/style><div id=\"thegem-divider-69eb586dcafbd\" class=\"gem-divider  \" style=\"\" ><\/div>[\/vc_column][\/vc_row][vc_row full_width=&#8221;stretch_row_content_no_spaces&#8221; css=&#8221;.vc_custom_1619460812168{margin-bottom: -17px !important;border-bottom-width: 0px !important;}&#8221;][vc_column css=&#8221;.vc_custom_1461417063512{padding-top: 0px !important;}&#8221;][vc_gmaps link=&#8221;#E-8_JTNDaWZyYW1lJTIwc3JjJTNEJTIyaHR0cHMlM0ElMkYlMkZ3d3cuZ29vZ2xlLmNvbSUyRm1hcHMlMkZlbWJlZCUzRnBiJTNEJTIxMW0xNCUyMTFtOCUyMTFtMyUyMTFkNjAyMi4xOTc5ODIyMzU4ODElMjEyZDI5LjA1Njg0MDQ2MDMyNzE1NSUyMTNkNDEuMDAxMjA2NDc4MTUwNTQlMjEzbTIlMjExaTEwMjQlMjEyaTc2OCUyMTRmMTMuMSUyMTNtMyUyMTFtMiUyMTFzMHgwJTI1M0EweDEwOTY4MTk1ZjM1OThjYWElMjEyc1Zpem5ldCUyNTIwQmlsaSUyNUM1JTI1OUZpbSUyNTIwSGl6bWV0bGVyaSUyMTVlMCUyMTNtMiUyMTFzdHIlMjEyc3RyJTIxNHYxNjE5MDQyNzM2OTc3JTIxNW0yJTIxMXN0ciUyMTJzdHIlMjIlMjB3aWR0aCUzRCUyMjYwMCUyMiUyMGhlaWdodCUzRCUyMjQ1MCUyMiUyMHN0eWxlJTNEJTIyYm9yZGVyJTNBMCUzQiUyMiUyMGFsbG93ZnVsbHNjcmVlbiUzRCUyMiUyMiUyMGxvYWRpbmclM0QlMjJsYXp5JTIyJTNFJTNDJTJGaWZyYW1lJTNF&#8221; size=&#8221;600&#8243;][\/vc_column][\/vc_row][vc_row disable_element=&#8221;yes&#8221; css_animation=&#8221;fadeIn&#8221; css=&#8221;.vc_custom_1619042818488{margin-bottom: 0px !important;}&#8221;][vc_column css=&#8221;.vc_custom_1461336118881{padding-top: 0px !important;}&#8221;]<div id=\"fullwidth-block-69eb586dcb443\" class=\"fullwidth-block fullwidth-block-parallax-vertical clearfix\" data-mobile-parallax-enable=\"0\" style=\"padding-top: 90px;padding-bottom: 100px;\"><script type=\"text\/javascript\">if (typeof(gem_fix_fullwidth_position) == \"function\") { gem_fix_fullwidth_position(document.getElementById(\"fullwidth-block-69eb586dcb443\")); }<\/script><div class=\"fullwidth-block-background\" style=\"background-image: url(https:\/\/viz.net\/wp-content\/uploads\/2018\/11\/3-3.jpg);background-repeat: no-repeat; background-size: cover;background-position: center top;\"><\/div><div class=\"fullwidth-block-inner\"><div class=\"container\">[vc_column_text css_animation=&#8221;bottom-to-top&#8221;]<\/p>\n<div class=\"title-h2\" style=\"text-align: center;\"><span style=\"color: #ffffff;\">GET IN TOUCH<\/span><\/div>\n<p>[\/vc_column_text]<div class=\"clearboth\"><\/div><style>#thegem-divider-69eb586dcb4de {margin-top: 30px !important;}<\/style><div id=\"thegem-divider-69eb586dcb4de\" class=\"gem-divider  \" style=\"\" ><\/div>[vc_column_text css_animation=&#8221;bottom-to-top&#8221;]<\/p>\n<p style=\"text-align: center;\"><span style=\"color: #ffffff;\">Lorem ipsum dolor sit amet, consectetur adipisicing elit, sed do eiusmod tempor incididunt ut labore et dolore magna aliqua.<br \/>\nUt enim ad minim veniam, quis nostrud exercitation ullamco laboris nisi ut aliquip ex ea commodo consequat.\u00a0<\/span>[\/vc_column_text]<div class=\"clearboth\"><\/div><style>#thegem-divider-69eb586dcb4fd {margin-top: 70px !important;}<\/style><div id=\"thegem-divider-69eb586dcb4fd\" class=\"gem-divider  \" style=\"\" ><\/div>[vc_row_inner disable_custom_paddings_tablet=&#8221;true&#8221; disable_custom_paddings_mobile=&#8221;true&#8221; css=&#8221;.vc_custom_1542979284121{padding-right: 200px !important;padding-left: 200px !important;}&#8221;][vc_column_inner width=&#8221;1\/6&#8243; css=&#8221;.vc_custom_1461415526409{padding-top: 20px !important;}&#8221; offset=&#8221;vc_col-xs-6&#8243;]<div class=\"socials socials-list socials-colored-hover socials-rounded socials-alignment-center\"><a class=\"socials-item\" target=\"_blank\" href=\"#\" style=\"color: #00bcd4;\"><i class=\"socials-item-icon twitter\" style=\"font-size: 50px\"><\/i><\/a><\/div>[\/vc_column_inner][vc_column_inner width=&#8221;1\/6&#8243; css=&#8221;.vc_custom_1461415532592{padding-top: 20px !important;}&#8221; offset=&#8221;vc_col-xs-6&#8243;]<div class=\"socials socials-list socials-colored-hover socials-rounded socials-alignment-center\"><a class=\"socials-item\" target=\"_blank\" href=\"#\" style=\"color: #00bcd4;\"><i class=\"socials-item-icon facebook\" style=\"font-size: 50px\"><\/i><\/a><\/div>[\/vc_column_inner][vc_column_inner width=&#8221;1\/6&#8243; css=&#8221;.vc_custom_1461415562106{padding-top: 20px !important;}&#8221; offset=&#8221;vc_col-xs-6&#8243;]<div class=\"socials socials-list socials-colored-hover socials-rounded socials-alignment-center\"><a class=\"socials-item\" target=\"_blank\" href=\"#\" style=\"color: #00bcd4;\"><i class=\"socials-item-icon linkedin\" style=\"font-size: 50px\"><\/i><\/a><\/div>[\/vc_column_inner][vc_column_inner width=&#8221;1\/6&#8243; css=&#8221;.vc_custom_1461415552954{padding-top: 20px !important;}&#8221; offset=&#8221;vc_col-xs-6&#8243;]<div class=\"socials socials-list socials-colored-hover socials-rounded socials-alignment-center\"><a class=\"socials-item\" target=\"_blank\" href=\"#\" style=\"color: #00bcd4;\"><i class=\"socials-item-icon instagram\" style=\"font-size: 50px\"><\/i><\/a><\/div>[\/vc_column_inner][vc_column_inner width=&#8221;1\/6&#8243; css=&#8221;.vc_custom_1461415567878{padding-top: 20px !important;}&#8221; offset=&#8221;vc_col-xs-6&#8243;]<div class=\"socials socials-list socials-colored-hover socials-rounded socials-alignment-center\"><a class=\"socials-item\" target=\"_blank\" href=\"#\" style=\"color: #00bcd4;\"><i class=\"socials-item-icon pinterest\" style=\"font-size: 50px\"><\/i><\/a><\/div>[\/vc_column_inner][vc_column_inner width=&#8221;1\/6&#8243; css=&#8221;.vc_custom_1461415573360{padding-top: 20px !important;}&#8221; offset=&#8221;vc_col-xs-6&#8243;]<div class=\"socials socials-list socials-colored-hover socials-rounded socials-alignment-center\"><a class=\"socials-item\" target=\"_blank\" href=\"#\" style=\"color: #00bcd4;\"><i class=\"socials-item-icon telegram\" style=\"font-size: 50px\"><\/i><\/a><\/div>[\/vc_column_inner][\/vc_row_inner]<\/div><\/div><\/div>[\/vc_column][\/vc_row]<\/p>\n<\/section>","protected":false},"excerpt":{"rendered":"<p>[vc_row css=&#8221;.vc_custom_1458198549877{margin-bottom: 0px !important;}&#8221;][vc_column][vc_column_text css_animation=&#8221;bottom-to-top&#8221;] OUR CONTACT INFORMATION [\/vc_column_text][vc_row_inner el_class=&#8221;h_row&#8221;][vc_column_inner width=&#8221;1\/3&#8243; css=&#8221;.vc_custom_1461419262544{padding-right: 0px !important;padding-left: 0px !important;background-color: #8781bd !important;}&#8221;][\/vc_column_inner][vc_column_inner width=&#8221;1\/3&#8243; css=&#8221;.vc_custom_1458216798807{background-color:&#8230;<\/p>\n","protected":false},"author":1,"featured_media":0,"parent":0,"menu_order":0,"comment_status":"closed","ping_status":"closed","template":"","meta":{"footnotes":""},"class_list":["post-26396","page","type-page","status-publish"],"_links":{"self":[{"href":"https:\/\/viz.net\/en\/wp-json\/wp\/v2\/pages\/26396","targetHints":{"allow":["GET"]}}],"collection":[{"href":"https:\/\/viz.net\/en\/wp-json\/wp\/v2\/pages"}],"about":[{"href":"https:\/\/viz.net\/en\/wp-json\/wp\/v2\/types\/page"}],"author":[{"embeddable":true,"href":"https:\/\/viz.net\/en\/wp-json\/wp\/v2\/users\/1"}],"replies":[{"embeddable":true,"href":"https:\/\/viz.net\/en\/wp-json\/wp\/v2\/comments?post=26396"}],"version-history":[{"count":6,"href":"https:\/\/viz.net\/en\/wp-json\/wp\/v2\/pages\/26396\/revisions"}],"predecessor-version":[{"id":26612,"href":"https:\/\/viz.net\/en\/wp-json\/wp\/v2\/pages\/26396\/revisions\/26612"}],"wp:attachment":[{"href":"https:\/\/viz.net\/en\/wp-json\/wp\/v2\/media?parent=26396"}],"curies":[{"name":"wp","href":"https:\/\/api.w.org\/{rel}","templated":true}]}}