{"id":26518,"date":"2018-11-15T14:01:18","date_gmt":"2018-11-15T11:01:18","guid":{"rendered":"https:\/\/viz.net\/hakkimizda\/"},"modified":"2022-05-31T07:00:02","modified_gmt":"2022-05-31T04:00:02","slug":"about-us","status":"publish","type":"page","link":"https:\/\/viz.net\/en\/about-us\/","title":{"rendered":"ABOUT US"},"content":{"rendered":"<section class=\"wpb-content-wrapper\"><p>[vc_row full_width=&#8221;stretch_row&#8221; css=&#8221;.vc_custom_1542285465663{background-color: #ffffff !important;}&#8221;][vc_column css_animation=&#8221;bottom-to-top&#8221;][vc_row_inner][vc_column_inner offset=&#8221;vc_hidden-sm vc_hidden-xs&#8221;]<div class=\"clearboth\"><\/div><style>#thegem-divider-69eb5a13b4f17 {margin-top: 20px !important;}<\/style><div id=\"thegem-divider-69eb5a13b4f17\" class=\"gem-divider  \" style=\"\" ><\/div>[\/vc_column_inner][\/vc_row_inner][vc_column_text]<\/p>\n<h2 style=\"text-align: center;\">viznet siber g\u00fcvenlik \u00e7\u00f6z\u00fcmleri<\/h2>\n<p>[\/vc_column_text]<div class=\"clearboth\"><\/div><style>#thegem-divider-69eb5a13b4f43 {margin-top: 20px !important;}<\/style><div id=\"thegem-divider-69eb5a13b4f43\" class=\"gem-divider  \" style=\"\" ><\/div>[\/vc_column][\/vc_row][vc_row full_width=&#8221;stretch_row&#8221; css=&#8221;.vc_custom_1542286470121{background-color: #ffffff !important;}&#8221;][vc_column width=&#8221;1\/2&#8243; css_animation=&#8221;bottom-to-top&#8221;][vc_single_image image=&#8221;25287&#8243; img_size=&#8221;full&#8221;][\/vc_column][vc_column width=&#8221;1\/2&#8243;][vc_column_text css_animation=&#8221;bottom-to-top&#8221;]Viznet; It was established by Be\u015fir Kayar in 2011 to provide security solutions at all layers from end-user to cloud solutions, especially in establishing, securing and monitoring wired &#8211; wireless networks.<\/p>\n<p>Viznet provided integrated solutions with its exper team that ensure the secure and continuous protection and working of data in any environment, from the end user&#8217;s network access to coloud access.<\/p>\n<p>Viznet, whose focal point is to produce solutions for infrastructure installations and security, cooperates with Fortinet, Aruba and McAfee, which are the primary and leading brands in the world, and the distributors of these brands in Turkey in order to provide high level customer satisfaction.<\/p>\n<p>Viznet ISO 500 | It produces solutions for 20 companies in the list of Turkey&#8217;s Top 500 Industrial Enterprises. Viznet, with its cross-sectoral experience in different fields such as telecommunications, technology, finance, production, industry, tourism, defense and public sector, has the maneuver to implement applications on hardware and software platforms with different disciplines.<\/p>\n<p>[\/vc_column_text][\/vc_column][\/vc_row][vc_row css=&#8221;.vc_custom_1542290317933{margin-top: 0px !important;margin-bottom: 0px !important;padding-top: 0px !important;padding-bottom: 0px !important;}&#8221;][vc_column]<div id=\"fullwidth-block-69eb5a13b4f72\" class=\"fullwidth-block clearfix\"  style=\"background-color: #eef3f1;\"><script type=\"text\/javascript\">if (typeof(gem_fix_fullwidth_position) == \"function\") { gem_fix_fullwidth_position(document.getElementById(\"fullwidth-block-69eb5a13b4f72\")); }<\/script><div class=\"fullwidth-block-inner\"><div class=\"container\">[vc_row_inner][vc_column_inner]<div class=\"clearboth\"><\/div><style>#thegem-divider-69eb5a13b4ffb {margin-top: 50px !important;}<\/style><div id=\"thegem-divider-69eb5a13b4ffb\" class=\"gem-divider  \" style=\"\" ><\/div>[vc_column_text]<\/p>\n<h2 style=\"text-align: center;\">OUR PRINCIPLES<\/h2>\n<p>[\/vc_column_text]<div class=\"clearboth\"><\/div><style>#thegem-divider-69eb5a13b5016 {margin-top: 30px !important;}<\/style><div id=\"thegem-divider-69eb5a13b5016\" class=\"gem-divider  \" style=\"\" ><\/div>[vc_column_text]<\/p>\n<p style=\"text-align: center;\">With the principle of transparency and commitment to ethical values, Viznet has built its relationship with teammates, customers and business partners on certain dynamics:<br \/>\nIndividual and individual organizational development, an organizational structure that constantly learns, develops its knowledge and thus grows, the principle of &#8220;mutual winning&#8221; and contributing to the sector with the return of cooperation form the basis of Viznet&#8217;s relationship and communication with all its stakeholders.<\/p>\n<p>[\/vc_column_text][\/vc_column_inner][\/vc_row_inner]<div class=\"clearboth\"><\/div><style>#thegem-divider-69eb5a13b502a {margin-top: 20px !important;}<\/style><div id=\"thegem-divider-69eb5a13b502a\" class=\"gem-divider  \" style=\"\" ><\/div><\/div><\/div><\/div>[\/vc_column][\/vc_row][vc_row full_width=&#8221;stretch_row_content_no_spaces&#8221; equal_height=&#8221;yes&#8221; content_placement=&#8221;middle&#8221; css=&#8221;.vc_custom_1542290658823{margin-bottom: 0px !important;padding-bottom: 0px !important;}&#8221;][vc_column width=&#8221;1\/2&#8243; css_animation=&#8221;bottom-to-top&#8221; css=&#8221;.vc_custom_1542380429204{background-image: url(https:\/\/codex-themes.com\/thegem\/sites\/business-consulting\/wp-content\/uploads\/2018\/11\/4.jpg?id=24032) !important;background-position: center !important;background-repeat: no-repeat !important;background-size: cover !important;}&#8221;]<div class=\"clearboth\"><\/div><style>#thegem-divider-69eb5a13b5045 {margin-top: 300px !important;}<\/style><div id=\"thegem-divider-69eb5a13b5045\" class=\"gem-divider  \" style=\"\" ><\/div>[\/vc_column][vc_column width=&#8221;1\/2&#8243; disable_custom_paddings_tablet=&#8221;true&#8221; disable_custom_paddings_mobile=&#8221;true&#8221; css=&#8221;.vc_custom_1542290229812{padding-right: 110px !important;padding-left: 110px !important;}&#8221;][vc_row_inner][vc_column_inner offset=&#8221;vc_hidden-xs&#8221;]<div class=\"clearboth\"><\/div><style>#thegem-divider-69eb5a13b505a {margin-top: 110px !important;}<\/style><div id=\"thegem-divider-69eb5a13b505a\" class=\"gem-divider  \" style=\"\" ><\/div>[\/vc_column_inner][\/vc_row_inner][vc_row_inner][vc_column_inner offset=&#8221;vc_hidden-lg vc_hidden-md vc_hidden-sm&#8221;]<div class=\"clearboth\"><\/div><style>#thegem-divider-69eb5a13b506d {margin-top: 50px !important;}<\/style><div id=\"thegem-divider-69eb5a13b506d\" class=\"gem-divider  \" style=\"\" ><\/div>[\/vc_column_inner][\/vc_row_inner][vc_column_text css_animation=&#8221;bottom-to-top&#8221;]<\/p>\n<h2 style=\"text-align: center;\">OUR PURPOSE OF EXISTENCE<\/h2>\n<p>[\/vc_column_text]<div class=\"clearboth\"><\/div><style>#thegem-divider-69eb5a13b5083 {margin-top: 30px !important;}<\/style><div id=\"thegem-divider-69eb5a13b5083\" class=\"gem-divider  \" style=\"\" ><\/div>[vc_column_text css_animation=&#8221;bottom-to-top&#8221;]<\/p>\n<p style=\"text-align: center;\">To provide integrated solutions for the establishment of uninterrupted and secure infrastructures where data loss is reduced to zero; in this way, to provide added value to the market value of our customers.<\/p>\n<p>[\/vc_column_text][vc_row_inner][vc_column_inner offset=&#8221;vc_hidden-xs&#8221;]<div class=\"clearboth\"><\/div><style>#thegem-divider-69eb5a13b50ab {margin-top: 110px !important;}<\/style><div id=\"thegem-divider-69eb5a13b50ab\" class=\"gem-divider  \" style=\"\" ><\/div>[\/vc_column_inner][\/vc_row_inner][\/vc_column][\/vc_row][vc_row full_width=&#8221;stretch_row_content_no_spaces&#8221; equal_height=&#8221;yes&#8221; content_placement=&#8221;middle&#8221; css=&#8221;.vc_custom_1542290658823{margin-bottom: 0px !important;padding-bottom: 0px !important;}&#8221;][vc_column width=&#8221;1\/2&#8243; disable_custom_paddings_tablet=&#8221;true&#8221; disable_custom_paddings_mobile=&#8221;true&#8221; css=&#8221;.vc_custom_1542290229812{padding-right: 110px !important;padding-left: 110px !important;}&#8221;][vc_row_inner][vc_column_inner offset=&#8221;vc_hidden-xs&#8221;]<div class=\"clearboth\"><\/div><style>#thegem-divider-69eb5a13b50c3 {margin-top: 75px !important;}<\/style><div id=\"thegem-divider-69eb5a13b50c3\" class=\"gem-divider  \" style=\"\" ><\/div>[\/vc_column_inner][\/vc_row_inner][vc_row_inner][vc_column_inner offset=&#8221;vc_hidden-lg vc_hidden-md vc_hidden-sm&#8221;]<div class=\"clearboth\"><\/div><style>#thegem-divider-69eb5a13b50d6 {margin-top: 50px !important;}<\/style><div id=\"thegem-divider-69eb5a13b50d6\" class=\"gem-divider  \" style=\"\" ><\/div>[\/vc_column_inner][\/vc_row_inner][vc_column_text css_animation=&#8221;bottom-to-top&#8221;]<\/p>\n<h2 style=\"text-align: center;\">OUR FUTURE GOALS<\/h2>\n<p>[\/vc_column_text]<div class=\"clearboth\"><\/div><style>#thegem-divider-69eb5a13b50ef {margin-top: 35px !important;}<\/style><div id=\"thegem-divider-69eb5a13b50ef\" class=\"gem-divider  \" style=\"\" ><\/div>[vc_column_text css_animation=&#8221;bottom-to-top&#8221;]<\/p>\n<p style=\"text-align: center;\">To be a system integrator company within the framework of security, big data, manageable services and backup solutions in Turkey and in the world, and to provide creative services beyond expectations.<\/p>\n<p>[\/vc_column_text]<div class=\"clearboth\"><\/div><style>#thegem-divider-69eb5a13b5107 {margin-top: 50px !important;}<\/style><div id=\"thegem-divider-69eb5a13b5107\" class=\"gem-divider  \" style=\"\" ><\/div>[vc_row_inner][vc_column_inner offset=&#8221;vc_hidden-xs&#8221;]<div class=\"clearboth\"><\/div><style>#thegem-divider-69eb5a13b511d {margin-top: 100px !important;}<\/style><div id=\"thegem-divider-69eb5a13b511d\" class=\"gem-divider  \" style=\"\" ><\/div>[\/vc_column_inner][\/vc_row_inner][\/vc_column][vc_column width=&#8221;1\/2&#8243; css_animation=&#8221;bottom-to-top&#8221; css=&#8221;.vc_custom_1542380439635{background-image: url(https:\/\/codex-themes.com\/thegem\/sites\/business-consulting\/wp-content\/uploads\/2018\/11\/3.jpg?id=24033) !important;background-position: center !important;background-repeat: no-repeat !important;background-size: cover !important;}&#8221;]<div class=\"clearboth\"><\/div><style>#thegem-divider-69eb5a13b512f {margin-top: 300px !important;}<\/style><div id=\"thegem-divider-69eb5a13b512f\" class=\"gem-divider  \" style=\"\" ><\/div>[\/vc_column][\/vc_row]<\/p>\n<\/section>","protected":false},"excerpt":{"rendered":"<p>[vc_row full_width=&#8221;stretch_row&#8221; css=&#8221;.vc_custom_1542285465663{background-color: #ffffff !important;}&#8221;][vc_column css_animation=&#8221;bottom-to-top&#8221;][vc_row_inner][vc_column_inner offset=&#8221;vc_hidden-sm vc_hidden-xs&#8221;][\/vc_column_inner][\/vc_row_inner][vc_column_text] viznet siber g\u00fcvenlik \u00e7\u00f6z\u00fcmleri [\/vc_column_text][\/vc_column][\/vc_row][vc_row full_width=&#8221;stretch_row&#8221; css=&#8221;.vc_custom_1542286470121{background-color: #ffffff !important;}&#8221;][vc_column width=&#8221;1\/2&#8243; css_animation=&#8221;bottom-to-top&#8221;][vc_single_image image=&#8221;25287&#8243;&#8230;<\/p>\n","protected":false},"author":1,"featured_media":0,"parent":0,"menu_order":1,"comment_status":"closed","ping_status":"closed","template":"","meta":{"footnotes":""},"class_list":["post-26518","page","type-page","status-publish"],"_links":{"self":[{"href":"https:\/\/viz.net\/en\/wp-json\/wp\/v2\/pages\/26518","targetHints":{"allow":["GET"]}}],"collection":[{"href":"https:\/\/viz.net\/en\/wp-json\/wp\/v2\/pages"}],"about":[{"href":"https:\/\/viz.net\/en\/wp-json\/wp\/v2\/types\/page"}],"author":[{"embeddable":true,"href":"https:\/\/viz.net\/en\/wp-json\/wp\/v2\/users\/1"}],"replies":[{"embeddable":true,"href":"https:\/\/viz.net\/en\/wp-json\/wp\/v2\/comments?post=26518"}],"version-history":[{"count":3,"href":"https:\/\/viz.net\/en\/wp-json\/wp\/v2\/pages\/26518\/revisions"}],"predecessor-version":[{"id":26521,"href":"https:\/\/viz.net\/en\/wp-json\/wp\/v2\/pages\/26518\/revisions\/26521"}],"wp:attachment":[{"href":"https:\/\/viz.net\/en\/wp-json\/wp\/v2\/media?parent=26518"}],"curies":[{"name":"wp","href":"https:\/\/api.w.org\/{rel}","templated":true}]}}